{"id":3807,"date":"2020-05-10T11:13:04","date_gmt":"2020-05-10T09:13:04","guid":{"rendered":"https:\/\/www.casamilo.it\/?page_id=3807"},"modified":"2020-08-24T19:17:46","modified_gmt":"2020-08-24T17:17:46","slug":"home","status":"publish","type":"page","link":"https:\/\/www.casamilo.it\/?page_id=3807&lang=es","title":{"rendered":"HOME"},"content":{"rendered":"\t\t<div data-elementor-type=\"wp-page\" data-elementor-id=\"3807\" class=\"elementor elementor-3807 elementor-40\" data-elementor-post-type=\"page\">\n\t\t\t\t\t\t<div class=\"elementor-inner\">\n\t\t\t\t<div class=\"elementor-section-wrap\">\n\t\t\t\t\t\t\t\t\t<section class=\"has_ae_slider elementor-section elementor-top-section elementor-element elementor-element-0a7594c elementor-section-stretched elementor-section-full_width elementor-section-height-min-height elementor-section-height-default elementor-section-items-middle ae-bg-gallery-type-default\" data-id=\"0a7594c\" data-element_type=\"section\" data-settings=\"{&quot;stretch_section&quot;:&quot;section-stretched&quot;,&quot;background_background&quot;:&quot;classic&quot;}\">\n\t\t\t\t\t\t\t<div class=\"elementor-background-overlay\"><\/div>\n\t\t\t\t\t\t\t<div class=\"elementor-container elementor-column-gap-default\">\n\t\t\t\t\t\t\t<div class=\"elementor-row\">\n\t\t\t\t\t<div class=\"has_ae_slider elementor-column elementor-col-100 elementor-top-column elementor-element elementor-element-e5e8752 ae-bg-gallery-type-default\" data-id=\"e5e8752\" data-element_type=\"column\" data-settings=\"{&quot;background_background&quot;:&quot;classic&quot;}\">\n\t\t\t<div class=\"elementor-column-wrap\">\n\t\t\t\t\t\t\t<div class=\"elementor-widget-wrap\">\n\t\t\t\t\t\t\t\t<\/div>\n\t\t\t\t\t<\/div>\n\t\t<\/div>\n\t\t\t\t\t\t\t\t<\/div>\n\t\t\t\t\t<\/div>\n\t\t<\/section>\n\t\t\t\t<section class=\"has_ae_slider elementor-section elementor-top-section elementor-element elementor-element-75a9881 elementor-section-content-middle elementor-section-boxed elementor-section-height-default elementor-section-height-default ae-bg-gallery-type-default\" data-id=\"75a9881\" data-element_type=\"section\">\n\t\t\t\t\t\t<div class=\"elementor-container elementor-column-gap-default\">\n\t\t\t\t\t\t\t<div class=\"elementor-row\">\n\t\t\t\t\t<div class=\"has_ae_slider elementor-column elementor-col-50 elementor-top-column elementor-element elementor-element-3ce252f ae-bg-gallery-type-default\" data-id=\"3ce252f\" data-element_type=\"column\">\n\t\t\t<div class=\"elementor-column-wrap elementor-element-populated\">\n\t\t\t\t\t\t\t<div class=\"elementor-widget-wrap\">\n\t\t\t\t\t\t<div class=\"elementor-element elementor-element-ba51190 elementor-widget__width-initial elementor-widget-tablet__width-inherit elementor-widget elementor-widget-heading\" data-id=\"ba51190\" data-element_type=\"widget\" data-widget_type=\"heading.default\">\n\t\t\t\t<div class=\"elementor-widget-container\">\n\t\t\t<h2 class=\"elementor-heading-title elementor-size-default\">CUATRO\nGENERACIONES\nUN DESTINO<\/h2>\t\t<\/div>\n\t\t\t\t<\/div>\n\t\t\t\t<div class=\"elementor-element elementor-element-00b29eb elementor-widget elementor-widget-image\" data-id=\"00b29eb\" data-element_type=\"widget\" data-widget_type=\"image.default\">\n\t\t\t\t<div class=\"elementor-widget-container\">\n\t\t\t\t\t\t\t\t<div class=\"elementor-image\">\n\t\t\t\t\t\t\t\t\t\t\t\t<img width=\"485\" height=\"508\" src=\"https:\/\/www.casamilo.it\/wp-content\/uploads\/2020\/05\/man_new.png\" class=\"attachment-full size-full wp-image-3824\" alt=\"\" loading=\"lazy\" srcset=\"https:\/\/www.casamilo.it\/wp-content\/uploads\/2020\/05\/man_new.png 485w, https:\/\/www.casamilo.it\/wp-content\/uploads\/2020\/05\/man_new-286x300.png 286w\" sizes=\"(max-width: 485px) 100vw, 485px\" \/>\t\t\t\t\t\t\t\t\t\t\t\t\t\t<\/div>\n\t\t\t\t\t\t<\/div>\n\t\t\t\t<\/div>\n\t\t\t\t\t\t<\/div>\n\t\t\t\t\t<\/div>\n\t\t<\/div>\n\t\t\t\t<div class=\"has_ae_slider elementor-column elementor-col-50 elementor-top-column elementor-element elementor-element-6823709 ae-bg-gallery-type-default\" data-id=\"6823709\" data-element_type=\"column\">\n\t\t\t<div class=\"elementor-column-wrap elementor-element-populated\">\n\t\t\t\t\t\t\t<div class=\"elementor-widget-wrap\">\n\t\t\t\t\t\t<div class=\"elementor-element elementor-element-7fff299 elementor-widget__width-initial elementor-widget-tablet__width-inherit elementor-widget elementor-widget-text-editor\" data-id=\"7fff299\" data-element_type=\"widget\" data-widget_type=\"text-editor.default\">\n\t\t\t\t<div class=\"elementor-widget-container\">\n\t\t\t\t\t\t\t\t<div class=\"elementor-text-editor elementor-clearfix\">\n\t\t\t\t<p>Nuestra historia gastron\u00f3mica empez\u00f3 en 1870 con la producci\u00f3n de aceite de oliva virgen extra en Bitonto, Puglia y contin\u00faa desde cuatro generaciones. Nuestra empresa familiar tiene como objetivo ofrecer productos innovadores de alta calidad y especialidades con un ojo en la tradici\u00f3n de la gastronom\u00eda italiana.<\/p>\t\t\t\t\t<\/div>\n\t\t\t\t\t\t<\/div>\n\t\t\t\t<\/div>\n\t\t\t\t<div class=\"elementor-element elementor-element-8df81bc elementor-widget elementor-widget-spacer\" data-id=\"8df81bc\" data-element_type=\"widget\" data-widget_type=\"spacer.default\">\n\t\t\t\t<div class=\"elementor-widget-container\">\n\t\t\t\t\t<div class=\"elementor-spacer\">\n\t\t\t<div class=\"elementor-spacer-inner\"><\/div>\n\t\t<\/div>\n\t\t\t\t<\/div>\n\t\t\t\t<\/div>\n\t\t\t\t\t\t<\/div>\n\t\t\t\t\t<\/div>\n\t\t<\/div>\n\t\t\t\t\t\t\t\t<\/div>\n\t\t\t\t\t<\/div>\n\t\t<\/section>\n\t\t\t\t<section class=\"has_ae_slider elementor-section elementor-top-section elementor-element elementor-element-0b06f93 elementor-section-content-middle elementor-section-boxed elementor-section-height-default elementor-section-height-default ae-bg-gallery-type-default\" data-id=\"0b06f93\" data-element_type=\"section\">\n\t\t\t\t\t\t<div class=\"elementor-container elementor-column-gap-default\">\n\t\t\t\t\t\t\t<div class=\"elementor-row\">\n\t\t\t\t\t<div class=\"has_ae_slider elementor-column elementor-col-100 elementor-top-column elementor-element elementor-element-02bb735 ae-bg-gallery-type-default\" data-id=\"02bb735\" data-element_type=\"column\">\n\t\t\t<div class=\"elementor-column-wrap elementor-element-populated\">\n\t\t\t\t\t\t\t<div class=\"elementor-widget-wrap\">\n\t\t\t\t\t\t<div class=\"elementor-element elementor-element-56371a5 elementor-widget-tablet__width-inherit elementor-widget elementor-widget-text-editor\" data-id=\"56371a5\" data-element_type=\"widget\" data-widget_type=\"text-editor.default\">\n\t\t\t\t<div class=\"elementor-widget-container\">\n\t\t\t\t\t\t\t\t<div class=\"elementor-text-editor elementor-clearfix\">\n\t\t\t\t<p>Trabajamos a diario para mejorar nuestros productos mediante una investigaci\u00f3n continua y selecci\u00f3n de las mejores materias primas; producimosespecialidades de s\u00e9mola de trigo duro y pasta artesanal como orecchiette tradicional o cavatelli \/ trofie, as\u00ed como pasta extruida de bronce, pasta de colores aromatizados, pasta org\u00e1nica, vegetariana, sin gluten, kosher y enriquecida con espelta \/ quinoa \/ vitaminas. Tambi\u00e9n somos productores de especialidades de panader\u00eda: crostini, taralli, tostadas, bruschetta y otros snacks: simples, org\u00e1nicos y sin gluten.<\/p>\t\t\t\t\t<\/div>\n\t\t\t\t\t\t<\/div>\n\t\t\t\t<\/div>\n\t\t\t\t\t\t<\/div>\n\t\t\t\t\t<\/div>\n\t\t<\/div>\n\t\t\t\t\t\t\t\t<\/div>\n\t\t\t\t\t<\/div>\n\t\t<\/section>\n\t\t\t\t<section class=\"has_ae_slider elementor-section elementor-top-section elementor-element elementor-element-7fc7149 elementor-section-boxed elementor-section-height-default elementor-section-height-default ae-bg-gallery-type-default\" data-id=\"7fc7149\" data-element_type=\"section\">\n\t\t\t\t\t\t<div class=\"elementor-container elementor-column-gap-default\">\n\t\t\t\t\t\t\t<div class=\"elementor-row\">\n\t\t\t\t\t<div class=\"has_ae_slider elementor-column elementor-col-50 elementor-top-column elementor-element elementor-element-10b4696 ae-bg-gallery-type-default\" data-id=\"10b4696\" data-element_type=\"column\">\n\t\t\t<div class=\"elementor-column-wrap elementor-element-populated\">\n\t\t\t\t\t\t\t<div class=\"elementor-widget-wrap\">\n\t\t\t\t\t\t<div class=\"elementor-element elementor-element-e682bca elementor-widget elementor-widget-heading\" data-id=\"e682bca\" data-element_type=\"widget\" data-widget_type=\"heading.default\">\n\t\t\t\t<div class=\"elementor-widget-container\">\n\t\t\t<h2 class=\"elementor-heading-title elementor-size-default\">Establecimiento de producci\u00f3n\nOficinas comerciales<\/h2>\t\t<\/div>\n\t\t\t\t<\/div>\n\t\t\t\t<div class=\"elementor-element elementor-element-eb447ce elementor-widget elementor-widget-spacer\" data-id=\"eb447ce\" data-element_type=\"widget\" data-widget_type=\"spacer.default\">\n\t\t\t\t<div class=\"elementor-widget-container\">\n\t\t\t\t\t<div class=\"elementor-spacer\">\n\t\t\t<div class=\"elementor-spacer-inner\"><\/div>\n\t\t<\/div>\n\t\t\t\t<\/div>\n\t\t\t\t<\/div>\n\t\t\t\t<div class=\"elementor-element elementor-element-af9ba4b elementor-widget__width-auto elementor-widget elementor-widget-image\" data-id=\"af9ba4b\" data-element_type=\"widget\" data-widget_type=\"image.default\">\n\t\t\t\t<div class=\"elementor-widget-container\">\n\t\t\t\t\t\t\t\t<div class=\"elementor-image\">\n\t\t\t\t\t\t\t\t\t\t\t\t<img src=\"https:\/\/www.casamilo.it\/wp-content\/uploads\/2020\/05\/pin2.svg\" title=\"pin2\" alt=\"pin2\" loading=\"lazy\" \/>\t\t\t\t\t\t\t\t\t\t\t\t\t\t<\/div>\n\t\t\t\t\t\t<\/div>\n\t\t\t\t<\/div>\n\t\t\t\t<div class=\"elementor-element elementor-element-f82c999 elementor-widget__width-initial elementor-widget-mobile__width-initial elementor-widget elementor-widget-text-editor\" data-id=\"f82c999\" data-element_type=\"widget\" data-widget_type=\"text-editor.default\">\n\t\t\t\t<div class=\"elementor-widget-container\">\n\t\t\t\t\t\t\t\t<div class=\"elementor-text-editor elementor-clearfix\">\n\t\t\t\t<p>via Teologo Valente s.n.<br \/>70032 Palombaio &#8211; Bitonto (BA) Italy<\/p>\t\t\t\t\t<\/div>\n\t\t\t\t\t\t<\/div>\n\t\t\t\t<\/div>\n\t\t\t\t<div class=\"elementor-element elementor-element-efd418d elementor-widget elementor-widget-spacer\" data-id=\"efd418d\" data-element_type=\"widget\" data-widget_type=\"spacer.default\">\n\t\t\t\t<div class=\"elementor-widget-container\">\n\t\t\t\t\t<div class=\"elementor-spacer\">\n\t\t\t<div class=\"elementor-spacer-inner\"><\/div>\n\t\t<\/div>\n\t\t\t\t<\/div>\n\t\t\t\t<\/div>\n\t\t\t\t<div class=\"elementor-element elementor-element-4600552 elementor-widget__width-auto elementor-widget elementor-widget-image\" data-id=\"4600552\" data-element_type=\"widget\" data-widget_type=\"image.default\">\n\t\t\t\t<div class=\"elementor-widget-container\">\n\t\t\t\t\t\t\t\t<div class=\"elementor-image\">\n\t\t\t\t\t\t\t\t\t\t\t\t<img src=\"https:\/\/www.casamilo.it\/wp-content\/uploads\/2020\/05\/tel1.svg\" title=\"tel1\" alt=\"tel1\" loading=\"lazy\" \/>\t\t\t\t\t\t\t\t\t\t\t\t\t\t<\/div>\n\t\t\t\t\t\t<\/div>\n\t\t\t\t<\/div>\n\t\t\t\t<div class=\"elementor-element elementor-element-75eba3e elementor-widget__width-initial elementor-widget-mobile__width-initial elementor-widget elementor-widget-text-editor\" data-id=\"75eba3e\" data-element_type=\"widget\" data-widget_type=\"text-editor.default\">\n\t\t\t\t<div class=\"elementor-widget-container\">\n\t\t\t\t\t\t\t\t<div class=\"elementor-text-editor elementor-clearfix\">\n\t\t\t\t<p>ph. +39 080 373 5950\/8071\/8235<\/p>\t\t\t\t\t<\/div>\n\t\t\t\t\t\t<\/div>\n\t\t\t\t<\/div>\n\t\t\t\t<div class=\"elementor-element elementor-element-c41f20f elementor-widget elementor-widget-spacer\" data-id=\"c41f20f\" data-element_type=\"widget\" data-widget_type=\"spacer.default\">\n\t\t\t\t<div class=\"elementor-widget-container\">\n\t\t\t\t\t<div class=\"elementor-spacer\">\n\t\t\t<div class=\"elementor-spacer-inner\"><\/div>\n\t\t<\/div>\n\t\t\t\t<\/div>\n\t\t\t\t<\/div>\n\t\t\t\t<div class=\"elementor-element elementor-element-5dc1849 elementor-widget__width-auto elementor-widget elementor-widget-image\" data-id=\"5dc1849\" data-element_type=\"widget\" data-widget_type=\"image.default\">\n\t\t\t\t<div class=\"elementor-widget-container\">\n\t\t\t\t\t\t\t\t<div class=\"elementor-image\">\n\t\t\t\t\t\t\t\t\t\t\t\t<img src=\"https:\/\/www.casamilo.it\/wp-content\/uploads\/2020\/05\/email.svg\" title=\"email\" alt=\"email\" loading=\"lazy\" \/>\t\t\t\t\t\t\t\t\t\t\t\t\t\t<\/div>\n\t\t\t\t\t\t<\/div>\n\t\t\t\t<\/div>\n\t\t\t\t<div class=\"elementor-element elementor-element-1f26751 elementor-widget__width-initial elementor-widget-mobile__width-initial elementor-widget elementor-widget-text-editor\" data-id=\"1f26751\" data-element_type=\"widget\" data-widget_type=\"text-editor.default\">\n\t\t\t\t<div class=\"elementor-widget-container\">\n\t\t\t\t\t\t\t\t<div class=\"elementor-text-editor elementor-clearfix\">\n\t\t\t\t<p><a href=\"mailto:info@gruppomilo.it\">info@gruppomilo.it<\/a><\/p>\t\t\t\t\t<\/div>\n\t\t\t\t\t\t<\/div>\n\t\t\t\t<\/div>\n\t\t\t\t\t\t<\/div>\n\t\t\t\t\t<\/div>\n\t\t<\/div>\n\t\t\t\t<div class=\"has_ae_slider elementor-column elementor-col-50 elementor-top-column elementor-element elementor-element-b6ae692 ae-bg-gallery-type-default\" data-id=\"b6ae692\" data-element_type=\"column\">\n\t\t\t<div class=\"elementor-column-wrap elementor-element-populated\">\n\t\t\t\t\t\t\t<div class=\"elementor-widget-wrap\">\n\t\t\t\t\t\t<div class=\"elementor-element elementor-element-1c54b00 elementor-widget elementor-widget-htmega-google-map-addons\" data-id=\"1c54b00\" data-element_type=\"widget\" data-widget_type=\"htmega-google-map-addons.default\">\n\t\t\t\t<div class=\"elementor-widget-container\">\n\t\t\t            <div class=\"htmega-google-map-inilasije\" >    \n                <div class=\"htmega-google-map-address-\" >\n                    <p><\/p>\n                <\/div>\n                <div class=\"htmega-google-map\" id=\"htmega-google-map-1c54b00\" data-mapmarkers=\"[{&quot;latitude&quot;:&quot;41.078772&quot;,&quot;longitude&quot;:&quot;16.636747&quot;,&quot;baloon_text&quot;:&quot;&lt;div class=&#039;htmega-baloon-text elementor-repeater-item-38e6aaf&#039;&gt;via Teologo Valente s.n.\\n70032 Palombaio \\u2013 Bitonto (BA) Italy\\n&lt;\\\/div&gt;&quot;,&quot;icon&quot;:&quot;https:\\\/\\\/www.casamilo.it\\\/wp-content\\\/uploads\\\/2020\\\/05\\\/pin.png&quot;,&quot;baloon_text_fixed&quot;:&quot;no&quot;}]\" data-mapoptions=\"{&quot;zoom&quot;:11,&quot;center&quot;:&quot;Strada Provinciale delle Mattine, 70032 Bitonto BA&quot;}\" data-mapstyle=\"[\n    {\n        &quot;featureType&quot;: &quot;administrative&quot;,\n        &quot;elementType&quot;: &quot;all&quot;,\n        &quot;stylers&quot;: [\n            {\n                &quot;saturation&quot;: &quot;-100&quot;\n            }\n        ]\n    },\n    {\n        &quot;featureType&quot;: &quot;administrative.province&quot;,\n        &quot;elementType&quot;: &quot;all&quot;,\n        &quot;stylers&quot;: [\n            {\n                &quot;visibility&quot;: &quot;off&quot;\n            }\n        ]\n    },\n    {\n        &quot;featureType&quot;: &quot;landscape&quot;,\n        &quot;elementType&quot;: &quot;all&quot;,\n        &quot;stylers&quot;: [\n            {\n                &quot;saturation&quot;: -100\n            },\n            {\n                &quot;lightness&quot;: &quot;0&quot;\n            },\n            {\n                &quot;visibility&quot;: &quot;on&quot;\n            }\n        ]\n    },\n    {\n        &quot;featureType&quot;: &quot;poi&quot;,\n        &quot;elementType&quot;: &quot;all&quot;,\n        &quot;stylers&quot;: [\n            {\n                &quot;saturation&quot;: &quot;-100&quot;\n            },\n            {\n                &quot;lightness&quot;: &quot;0&quot;\n            },\n            {\n                &quot;visibility&quot;: &quot;simplified&quot;\n            },\n            {\n                &quot;gamma&quot;: &quot;1.00&quot;\n            }\n        ]\n    },\n    {\n        &quot;featureType&quot;: &quot;poi&quot;,\n        &quot;elementType&quot;: &quot;labels&quot;,\n        &quot;stylers&quot;: [\n            {\n                &quot;visibility&quot;: &quot;off&quot;\n            }\n        ]\n    },\n    {\n        &quot;featureType&quot;: &quot;road&quot;,\n        &quot;elementType&quot;: &quot;all&quot;,\n        &quot;stylers&quot;: [\n            {\n                &quot;saturation&quot;: &quot;-100&quot;\n            },\n            {\n                &quot;gamma&quot;: &quot;0.50&quot;\n            }\n        ]\n    },\n    {\n        &quot;featureType&quot;: &quot;road&quot;,\n        &quot;elementType&quot;: &quot;labels&quot;,\n        &quot;stylers&quot;: [\n            {\n                &quot;lightness&quot;: &quot;0&quot;\n            },\n            {\n                &quot;gamma&quot;: &quot;0.50&quot;\n            },\n            {\n                &quot;saturation&quot;: &quot;0&quot;\n            }\n        ]\n    },\n    {\n        &quot;featureType&quot;: &quot;road.highway&quot;,\n        &quot;elementType&quot;: &quot;all&quot;,\n        &quot;stylers&quot;: [\n            {\n                &quot;visibility&quot;: &quot;simplified&quot;\n            }\n        ]\n    },\n    {\n        &quot;featureType&quot;: &quot;road.arterial&quot;,\n        &quot;elementType&quot;: &quot;all&quot;,\n        &quot;stylers&quot;: [\n            {\n                &quot;lightness&quot;: &quot;30&quot;\n            }\n        ]\n    },\n    {\n        &quot;featureType&quot;: &quot;road.local&quot;,\n        &quot;elementType&quot;: &quot;all&quot;,\n        &quot;stylers&quot;: [\n            {\n                &quot;lightness&quot;: &quot;40&quot;\n            }\n        ]\n    },\n    {\n        &quot;featureType&quot;: &quot;transit&quot;,\n        &quot;elementType&quot;: &quot;all&quot;,\n        &quot;stylers&quot;: [\n            {\n                &quot;saturation&quot;: -100\n            },\n            {\n                &quot;visibility&quot;: &quot;simplified&quot;\n            }\n        ]\n    },\n    {\n        &quot;featureType&quot;: &quot;water&quot;,\n        &quot;elementType&quot;: &quot;geometry&quot;,\n        &quot;stylers&quot;: [\n            {\n                &quot;hue&quot;: &quot;#ffff00&quot;\n            },\n            {\n                &quot;lightness&quot;: -25\n            },\n            {\n                &quot;saturation&quot;: -97\n            }\n        ]\n    },\n    {\n        &quot;featureType&quot;: &quot;water&quot;,\n        &quot;elementType&quot;: &quot;labels&quot;,\n        &quot;stylers&quot;: [\n            {\n                &quot;lightness&quot;: -25\n            },\n            {\n                &quot;saturation&quot;: -100\n            }\n        ]\n    }\n]\" >&nbsp;<\/div>\n            <\/div>\n\n            \t\t<\/div>\n\t\t\t\t<\/div>\n\t\t\t\t\t\t<\/div>\n\t\t\t\t\t<\/div>\n\t\t<\/div>\n\t\t\t\t\t\t\t\t<\/div>\n\t\t\t\t\t<\/div>\n\t\t<\/section>\n\t\t\t\t<section class=\"has_ae_slider elementor-section elementor-top-section elementor-element elementor-element-958b0f5 elementor-section-boxed elementor-section-height-default elementor-section-height-default ae-bg-gallery-type-default\" data-id=\"958b0f5\" data-element_type=\"section\">\n\t\t\t\t\t\t<div class=\"elementor-container elementor-column-gap-default\">\n\t\t\t\t\t\t\t<div class=\"elementor-row\">\n\t\t\t\t\t<div class=\"has_ae_slider elementor-column elementor-col-100 elementor-top-column elementor-element elementor-element-a15337b ae-bg-gallery-type-default\" data-id=\"a15337b\" data-element_type=\"column\">\n\t\t\t<div class=\"elementor-column-wrap elementor-element-populated\">\n\t\t\t\t\t\t\t<div class=\"elementor-widget-wrap\">\n\t\t\t\t\t\t<div class=\"elementor-element elementor-element-4496f37 elementor-widget-tablet__width-inherit elementor-widget elementor-widget-text-editor\" data-id=\"4496f37\" data-element_type=\"widget\" data-widget_type=\"text-editor.default\">\n\t\t\t\t<div class=\"elementor-widget-container\">\n\t\t\t\t\t\t\t\t<div class=\"elementor-text-editor elementor-clearfix\">\n\t\t\t\t<p style=\"text-align: left;\">CAPITAL SOCIAL: euros 300.000 | Registro Econ\u00f3mico Administrativo: SO 337173 | N\u00famero de IVA: 04835950728<\/p>\t\t\t\t\t<\/div>\n\t\t\t\t\t\t<\/div>\n\t\t\t\t<\/div>\n\t\t\t\t<div class=\"elementor-element elementor-element-347384a elementor-widget elementor-widget-spacer\" data-id=\"347384a\" data-element_type=\"widget\" data-widget_type=\"spacer.default\">\n\t\t\t\t<div class=\"elementor-widget-container\">\n\t\t\t\t\t<div class=\"elementor-spacer\">\n\t\t\t<div class=\"elementor-spacer-inner\"><\/div>\n\t\t<\/div>\n\t\t\t\t<\/div>\n\t\t\t\t<\/div>\n\t\t\t\t\t\t<\/div>\n\t\t\t\t\t<\/div>\n\t\t<\/div>\n\t\t\t\t\t\t\t\t<\/div>\n\t\t\t\t\t<\/div>\n\t\t<\/section>\n\t\t\t\t\t\t\t\t\t<\/div>\n\t\t\t<\/div>\n\t\t\t\t\t<\/div>\n\t\t","protected":false},"excerpt":{"rendered":"<p>CUATRO GENERACIONES UN DESTINO Nuestra historia gastron\u00f3mica empez\u00f3 en 1870 con la producci\u00f3n de aceite de oliva virgen extra en Bitonto, Puglia y contin\u00faa desde cuatro generaciones. Nuestra empresa familiar tiene como objetivo ofrecer productos innovadores de alta calidad y especialidades con un ojo en la tradici\u00f3n de la gastronom\u00eda italiana. Trabajamos a diario para [&hellip;]<\/p>\n","protected":false},"author":1,"featured_media":0,"parent":0,"menu_order":0,"comment_status":"closed","ping_status":"closed","template":"elementor_header_footer","meta":[],"acf":[],"_links":{"self":[{"href":"https:\/\/www.casamilo.it\/index.php?rest_route=\/wp\/v2\/pages\/3807"}],"collection":[{"href":"https:\/\/www.casamilo.it\/index.php?rest_route=\/wp\/v2\/pages"}],"about":[{"href":"https:\/\/www.casamilo.it\/index.php?rest_route=\/wp\/v2\/types\/page"}],"author":[{"embeddable":true,"href":"https:\/\/www.casamilo.it\/index.php?rest_route=\/wp\/v2\/users\/1"}],"replies":[{"embeddable":true,"href":"https:\/\/www.casamilo.it\/index.php?rest_route=%2Fwp%2Fv2%2Fcomments&post=3807"}],"version-history":[{"count":5,"href":"https:\/\/www.casamilo.it\/index.php?rest_route=\/wp\/v2\/pages\/3807\/revisions"}],"predecessor-version":[{"id":3888,"href":"https:\/\/www.casamilo.it\/index.php?rest_route=\/wp\/v2\/pages\/3807\/revisions\/3888"}],"wp:attachment":[{"href":"https:\/\/www.casamilo.it\/index.php?rest_route=%2Fwp%2Fv2%2Fmedia&parent=3807"}],"curies":[{"name":"wp","href":"https:\/\/api.w.org\/{rel}","templated":true}]}}